{"id":66,"date":"2023-01-23T12:58:07","date_gmt":"2023-01-23T17:58:07","guid":{"rendered":"https:\/\/distributionsmkh.com\/?page_id=66"},"modified":"2023-01-25T06:43:53","modified_gmt":"2023-01-25T11:43:53","slug":"contact","status":"publish","type":"page","link":"https:\/\/distributionsmkh.com\/index.php\/contact\/","title":{"rendered":"Contact"},"content":{"rendered":"<section class=\"wpb-content-wrapper\"><p>[vc_row][vc_column width=\u00a0\u00bb1\/4&Prime;][vc_single_image image=\u00a0\u00bb70&Prime; img_size=\u00a0\u00bbmedium\u00a0\u00bb alignment=\u00a0\u00bbcenter\u00a0\u00bb][vc_custom_heading text=\u00a0\u00bbMarie-\u00c8ve Bertrand\u00a0\u00bb font_container=\u00a0\u00bbtag:h3|text_align:center\u00a0\u00bb][\/vc_column][vc_column width=\u00a0\u00bb1\/4&Prime;][\/vc_column][vc_column width=\u00a0\u00bb1\/2&Prime;][vc_column_text]<\/p>\n<p><strong>Adresse\u00a0:<\/strong><br \/>2940 rue des \u00c9rables<br \/>Sainte-Marthe-sur-le-lac, Qc<br \/>J0N 1P0<\/p>\n<p><strong>T\u00e9l\u00e9phone\u00a0:<\/strong><br \/>514-458-8450<\/p>\n<p style=\"text-align: left;\"><strong>E-mail\u00a0:<\/strong><br \/><a href=\"mailto:info@distributionsmkh.com\">info@distributionsmkh.com<\/a><\/p>\n<p>[\/vc_column_text][\/vc_column][\/vc_row]<\/p>\n<\/section>","protected":false},"excerpt":{"rendered":"<p>[vc_row][vc_column width=\u00a0\u00bb1\/4&Prime;][vc_single_image image=\u00a0\u00bb70&Prime; img_size=\u00a0\u00bbmedium\u00a0\u00bb alignment=\u00a0\u00bbcenter\u00a0\u00bb][vc_custom_heading text=\u00a0\u00bbMarie-\u00c8ve Bertrand\u00a0\u00bb font_container=\u00a0\u00bbtag:h3|text_align:center\u00a0\u00bb][\/vc_column][vc_column width=\u00a0\u00bb1\/4&Prime;][\/vc_column][vc_column width=\u00a0\u00bb1\/2&Prime;][vc_column_text] Adresse\u00a0:2940 rue des \u00c9rablesSainte-Marthe-sur-le-lac, QcJ0N 1P0 T\u00e9l\u00e9phone\u00a0:514-458-8450 E-mail\u00a0:info@distributionsmkh.com [\/vc_column_text][\/vc_column][\/vc_row]<\/p>\n","protected":false},"author":3,"featured_media":0,"parent":0,"menu_order":0,"comment_status":"closed","ping_status":"closed","template":"","meta":{"_acf_changed":false,"footnotes":""},"class_list":["post-66","page","type-page","status-publish","hentry"],"acf":[],"_links":{"self":[{"href":"https:\/\/distributionsmkh.com\/index.php\/wp-json\/wp\/v2\/pages\/66","targetHints":{"allow":["GET"]}}],"collection":[{"href":"https:\/\/distributionsmkh.com\/index.php\/wp-json\/wp\/v2\/pages"}],"about":[{"href":"https:\/\/distributionsmkh.com\/index.php\/wp-json\/wp\/v2\/types\/page"}],"author":[{"embeddable":true,"href":"https:\/\/distributionsmkh.com\/index.php\/wp-json\/wp\/v2\/users\/3"}],"replies":[{"embeddable":true,"href":"https:\/\/distributionsmkh.com\/index.php\/wp-json\/wp\/v2\/comments?post=66"}],"version-history":[{"count":7,"href":"https:\/\/distributionsmkh.com\/index.php\/wp-json\/wp\/v2\/pages\/66\/revisions"}],"predecessor-version":[{"id":120,"href":"https:\/\/distributionsmkh.com\/index.php\/wp-json\/wp\/v2\/pages\/66\/revisions\/120"}],"wp:attachment":[{"href":"https:\/\/distributionsmkh.com\/index.php\/wp-json\/wp\/v2\/media?parent=66"}],"curies":[{"name":"wp","href":"https:\/\/api.w.org\/{rel}","templated":true}]}}